{"id":7823,"date":"2023-10-03T11:35:46","date_gmt":"2023-10-03T11:35:46","guid":{"rendered":"https:\/\/www.apeleon.com\/?page_id=7823"},"modified":"2023-10-06T11:38:31","modified_gmt":"2023-10-06T11:38:31","slug":"dsgvo-bewerber","status":"publish","type":"page","link":"https:\/\/www.apeleon.com\/index.php\/dsgvo-bewerber\/","title":{"rendered":"DSGVO Bewerber"},"content":{"rendered":"<div id='av_section_1'  class='avia-section av-3la8bz-555bcef38ba17689f80b4aff8f19769b main_color avia-section-default avia-no-border-styling  avia-builder-el-0  avia-builder-el-no-sibling  avia-bg-style-scroll container_wrap fullsize'  ><div class='container av-section-cont-open' ><main  role=\"main\" itemprop=\"mainContentOfPage\"  class='template-page content  av-content-full alpha units'><div class='post-entry post-entry-type-page post-entry-7823'><div class='entry-content-wrapper clearfix'>\n<div  class='flex_column av-380wov-b0f0be97e5f9a5d6eb2cdbf111d1d1d6 av_four_fifth  avia-builder-el-1  avia-builder-el-no-sibling  first flex_column_div  '     ><p>\n<style type=\"text\/css\" data-created_by=\"avia_inline_auto\" id=\"style-css-av-lna8l4s7-38f90904946a19a41e5f514ac54d395f\">\n#top .hr.hr-invisible.av-lna8l4s7-38f90904946a19a41e5f514ac54d395f{\nheight:30px;\n}\n<\/style>\n<div  class='hr av-lna8l4s7-38f90904946a19a41e5f514ac54d395f hr-invisible  avia-builder-el-2  el_before_av_heading  avia-builder-el-first '><span class='hr-inner '><span class=\"hr-inner-style\"><\/span><\/span><\/div><br \/>\n\n<style type=\"text\/css\" data-created_by=\"avia_inline_auto\" id=\"style-css-av-lna6mam3-11aeb2216e2c315f5a68b00931ecafa4\">\n#top .av-special-heading.av-lna6mam3-11aeb2216e2c315f5a68b00931ecafa4{\npadding-bottom:10px;\n}\nbody .av-special-heading.av-lna6mam3-11aeb2216e2c315f5a68b00931ecafa4 .av-special-heading-tag .heading-char{\nfont-size:25px;\n}\n.av-special-heading.av-lna6mam3-11aeb2216e2c315f5a68b00931ecafa4 .av-subheading{\nfont-size:15px;\n}\n<\/style>\n<div  class='av-special-heading av-lna6mam3-11aeb2216e2c315f5a68b00931ecafa4 av-special-heading-h1 blockquote modern-quote  avia-builder-el-3  el_after_av_hr  el_before_av_hr '><h1 class='av-special-heading-tag '  itemprop=\"headline\"  >Informationen zur Datenverarbeitung von Bewerber*innen<\/h1><div class=\"special-heading-border\"><div class=\"special-heading-inner-border\"><\/div><\/div><\/div><br \/>\n\n<style type=\"text\/css\" data-created_by=\"avia_inline_auto\" id=\"style-css-av-lna8lzla-83335a147d15d6d8e1152846f8b99c7a\">\n#top .hr.hr-invisible.av-lna8lzla-83335a147d15d6d8e1152846f8b99c7a{\nheight:20px;\n}\n<\/style>\n<div  class='hr av-lna8lzla-83335a147d15d6d8e1152846f8b99c7a hr-invisible  avia-builder-el-4  el_after_av_heading  el_before_av_textblock '><span class='hr-inner '><span class=\"hr-inner-style\"><\/span><\/span><\/div><br \/>\n<section  class='av_textblock_section av-lna6mic8-8c444e48df5d7f19046a93743904d3cd '   itemscope=\"itemscope\" itemtype=\"https:\/\/schema.org\/CreativeWork\" ><div class='avia_textblock'  itemprop=\"text\" ><p>Vielen Dank f\u00fcr Ihr Interesse an einer T\u00e4tigkeit bei APELEON. Der Schutz Ihrer personenbezogenen Daten und die datenschutzkonforme Verarbeitung Ihrer Daten ist uns wichtig. Mit dieser Datenschutzerkl\u00e4rung m\u00f6chten wir Sie dar\u00fcber informieren, wie wir als Verantwortliche Ihre personenbezogenen Daten verarbeiten, wenn Sie sich bei uns bewerben und im Zuge dessen Ihre Bewerbungsdaten an uns \u00fcbermitteln.<\/p>\n<\/div><\/section><br \/>\n\n<style type=\"text\/css\" data-created_by=\"avia_inline_auto\" id=\"style-css-av-lna6na4x-c8962332f97941a91d251681c233a96d\">\n#top .av-special-heading.av-lna6na4x-c8962332f97941a91d251681c233a96d{\npadding-bottom:10px;\n}\nbody .av-special-heading.av-lna6na4x-c8962332f97941a91d251681c233a96d .av-special-heading-tag .heading-char{\nfont-size:25px;\n}\n.av-special-heading.av-lna6na4x-c8962332f97941a91d251681c233a96d .av-subheading{\nfont-size:15px;\n}\n<\/style>\n<div  class='av-special-heading av-lna6na4x-c8962332f97941a91d251681c233a96d av-special-heading-h3 blockquote modern-quote  avia-builder-el-6  el_after_av_textblock  el_before_av_textblock '><h3 class='av-special-heading-tag '  itemprop=\"headline\"  >1. Wer ist f\u00fcr die Datenverarbeitung verantwortlich und an wen kann ich mich wenden?<\/h3><div class=\"special-heading-border\"><div class=\"special-heading-inner-border\"><\/div><\/div><\/div><br \/>\n<section  class='av_textblock_section av-lna6o0kw-b4c5ad06581d1ba6b816e29a01fa07b2 '   itemscope=\"itemscope\" itemtype=\"https:\/\/schema.org\/CreativeWork\" ><div class='avia_textblock'  itemprop=\"text\" ><p><strong><span style=\"color: #000000;\">VOLARE GmbH<\/span><br \/>\n<\/strong>DI Wilhelm Ha\u00dflinger Stra\u00dfe 3 Halle 6<br \/>\n2340 M\u00f6dling<\/p>\n<p><a href=\"mailto:office@apeleon.com\">office@apeleon.com<\/a><br \/>\n+43 676 9249344<\/p>\n<\/div><\/section><br \/>\n\n<style type=\"text\/css\" data-created_by=\"avia_inline_auto\" id=\"style-css-av-lna6oftf-ed23d1600fb1aba53faeb4d3fe709170\">\n#top .av-special-heading.av-lna6oftf-ed23d1600fb1aba53faeb4d3fe709170{\npadding-bottom:10px;\n}\nbody .av-special-heading.av-lna6oftf-ed23d1600fb1aba53faeb4d3fe709170 .av-special-heading-tag .heading-char{\nfont-size:25px;\n}\n.av-special-heading.av-lna6oftf-ed23d1600fb1aba53faeb4d3fe709170 .av-subheading{\nfont-size:15px;\n}\n<\/style>\n<div  class='av-special-heading av-lna6oftf-ed23d1600fb1aba53faeb4d3fe709170 av-special-heading-h3 blockquote modern-quote  avia-builder-el-8  el_after_av_textblock  el_before_av_textblock '><h3 class='av-special-heading-tag '  itemprop=\"headline\"  >2. F\u00fcr welche Zwecke und auf welcher Rechtsgrundlage werden meine Daten verarbeitet?<\/h3><div class=\"special-heading-border\"><div class=\"special-heading-inner-border\"><\/div><\/div><\/div><br \/>\n<section  class='av_textblock_section av-lna6orbi-6ed19d0f7e8901ec7f1d22744a208aa5 '   itemscope=\"itemscope\" itemtype=\"https:\/\/schema.org\/CreativeWork\" ><div class='avia_textblock'  itemprop=\"text\" ><p>Ihre personenbezogenen Daten werden von der VOLARE GmbH ausschlie\u00dflich zum Zweck der Abwicklung eines effizienten Bewerbungsverfahrens verarbeitet. Rechtsgrundlage f\u00fcr die Verarbeitung ist die Anbahnung eines m\u00f6glichen Vertragsverh\u00e4ltnisses (Art 6 Abs. 1 lit. b DSGVO).<\/p>\n<p>F\u00fcr die Evidenznahme Ihrer Bewerbung ist Ihre Zustimmung erforderlich. Eine erteilte Zustimmung k\u00f6nnen Sie jederzeit widerrufen, was dazu f\u00fchrt, dass Ihre Bewerbung ab diesem Zeitpunkt au\u00dfer Evidenz genommen wird.<\/p>\n<p>Im Falle eines Widerrufs ist eine weitere inhaltliche Bearbeitung Ihrer Bewerbung nicht mehr m\u00f6glich. Die Rechtm\u00e4\u00dfigkeit der bis zum Zeitpunkt des Widerrufs erfolgten Verarbeitung wird von der jeweiligen Erkl\u00e4rung nicht ber\u00fchrt.<\/p>\n<\/div><\/section><br \/>\n\n<style type=\"text\/css\" data-created_by=\"avia_inline_auto\" id=\"style-css-av-lna6pjzv-f3d1829b846d1e5bba1d6e6928c2a02f\">\n#top .av-special-heading.av-lna6pjzv-f3d1829b846d1e5bba1d6e6928c2a02f{\npadding-bottom:10px;\n}\nbody .av-special-heading.av-lna6pjzv-f3d1829b846d1e5bba1d6e6928c2a02f .av-special-heading-tag .heading-char{\nfont-size:25px;\n}\n.av-special-heading.av-lna6pjzv-f3d1829b846d1e5bba1d6e6928c2a02f .av-subheading{\nfont-size:15px;\n}\n<\/style>\n<div  class='av-special-heading av-lna6pjzv-f3d1829b846d1e5bba1d6e6928c2a02f av-special-heading-h3 blockquote modern-quote  avia-builder-el-10  el_after_av_textblock  el_before_av_textblock '><h3 class='av-special-heading-tag '  itemprop=\"headline\"  >3. Wann und wie lange werden meine Bewerbungsdaten gespeichert?<\/h3><div class=\"special-heading-border\"><div class=\"special-heading-inner-border\"><\/div><\/div><\/div><br \/>\n<section  class='av_textblock_section av-lna6pqse-8146d40cf57d754569b7ee5f5ca8fe6f '   itemscope=\"itemscope\" itemtype=\"https:\/\/schema.org\/CreativeWork\" ><div class='avia_textblock'  itemprop=\"text\" ><p>Wir speichern Ihre personenbezogenen Daten bis zum Abschluss des Bewerbungsverfahrens und dar\u00fcber hinaus f\u00fcr weitere 6 Monate.<\/p>\n<p>Eine Evidenznahme Ihrer Bewerbungsdaten und die damit verbundene l\u00e4ngere Speicherung erfolgt nur, wenn Sie uns diesbez\u00fcglich fristgerecht Ihre Zustimmung per Mail erteilen.<\/p>\n<\/div><\/section><br \/>\n\n<style type=\"text\/css\" data-created_by=\"avia_inline_auto\" id=\"style-css-av-lna6q3u8-c70e7b8d40c97d629e3df962c39e8ae4\">\n#top .av-special-heading.av-lna6q3u8-c70e7b8d40c97d629e3df962c39e8ae4{\npadding-bottom:10px;\n}\nbody .av-special-heading.av-lna6q3u8-c70e7b8d40c97d629e3df962c39e8ae4 .av-special-heading-tag .heading-char{\nfont-size:25px;\n}\n.av-special-heading.av-lna6q3u8-c70e7b8d40c97d629e3df962c39e8ae4 .av-subheading{\nfont-size:15px;\n}\n<\/style>\n<div  class='av-special-heading av-lna6q3u8-c70e7b8d40c97d629e3df962c39e8ae4 av-special-heading-h3 blockquote modern-quote  avia-builder-el-12  el_after_av_textblock  el_before_av_textblock '><h3 class='av-special-heading-tag '  itemprop=\"headline\"  >4. Welche Datenschutzrechte habe ich als BewerberIn?<\/h3><div class=\"special-heading-border\"><div class=\"special-heading-inner-border\"><\/div><\/div><\/div><br \/>\n<section  class='av_textblock_section av-lna6qrt3-63a3dea48cd9e95940ccb7f8b57a434c '   itemscope=\"itemscope\" itemtype=\"https:\/\/schema.org\/CreativeWork\" ><div class='avia_textblock'  itemprop=\"text\" ><p>Das europ\u00e4ische Datenschutzrecht gew\u00e4hrt Ihnen in Hinblick auf unsere Verarbeitung Ihrer personenbezogenen Daten die folgenden Rechte als Betroffene\/r:<\/p>\n<p><span style=\"color: #000000;\"><strong>Auskunftsrecht<\/strong><\/span><\/p>\n<p>Sie k\u00f6nnen von uns Auskunft dar\u00fcber verlangen, ob und in welchen Ausma\u00df wir Ihre Daten verarbeiten<\/p>\n<p><span style=\"color: #000000;\"><strong>Recht auf Berichtigung<\/strong><\/span><\/p>\n<p>Verarbeiten wir Ihre Daten, die unvollst\u00e4ndig und unrichtig sind, so k\u00f6nnen Sie deren Berichtigung bzw. deren Vervollst\u00e4ndigung verlangen<\/p>\n<p><span style=\"color: #000000;\"><strong>Recht auf L\u00f6schung<\/strong><\/span><\/p>\n<p>Sie k\u00f6nnen von uns die L\u00f6schung Ihrer Daten verlangen, sofern wir diese unrechtm\u00e4\u00dfig verarbeiten. Bitte beachten Sie, dass Ihre Bewerbungsdaten jedenfalls f\u00fcr 6 Monate nach Abschluss des Bewerbungsverfahrens zur Einhaltung gesetzlicher Bestimmungen gespeichert werden m\u00fcssen<\/p>\n<p><span style=\"color: #000000;\"><strong>Recht auf Einschr\u00e4nkung der Verarbeitung<\/strong><\/span><\/p>\n<p>Sie k\u00f6nnen von uns die Einschr\u00e4nkung der Verarbeitung Ihrer Daten verlangen, wenn<\/p>\n<ul>\n<li>Sie die Richtigkeit der Daten bestreiten,<\/li>\n<li>die Verarbeitung der Daten unrechtm\u00e4\u00dfig ist, sie aber eine L\u00f6schung ablehnen und stattdessen eine Einschr\u00e4nkung der Datennutzung verlangen,<\/li>\n<li>wir die Daten f\u00fcr den vorgesehenen Zweck nicht mehr ben\u00f6tigen, Sie diese Daten aber noch zur Geltendmachung oder Verteidigung von Rechtsanspr\u00fcchen brauchen<\/li>\n<\/ul>\n<p><span style=\"color: #000000;\"><strong>Recht auf Daten\u00fcbertragbarkeit<\/strong><\/span><\/p>\n<p>Sie k\u00f6nnen von uns verlangen, dass wir Ihnen Ihre Daten, die Sie uns bereitgestellt haben, in einem strukturierten, g\u00e4ngigen und maschinenlesbaren Format zur Verf\u00fcgung stellen und dass sie diese Daten einem anderen Verantwortlichen ohne Behinderung durch uns \u00fcbermitteln k\u00f6nnen, sofern<\/p>\n<ul>\n<li>wir diese Daten aufgrund einer von Ihnen erteilten und widerrufbaren Zustimmung oder zur Erf\u00fcllung eines Vertrages zwischen uns verarbeiten und<\/li>\n<li>diese Verarbeitung mithilfe automatisierter Verfahren erfolgt.<\/li>\n<\/ul>\n<p><span style=\"color: #000000;\"><strong>Beschwerderecht<\/strong><\/span><\/p>\n<p>Sind Sie der Meinung, dass wir bei der Verarbeitung Ihrer Daten gegen \u00f6sterreichisches oder europ\u00e4isches Datenschutzrecht versto\u00dfen, so nehmen Sie bitte Kontakt mit uns auf, damit wir versuchen k\u00f6nnen, allf\u00e4llige Fragen oder Missverst\u00e4ndnisse aufzukl\u00e4ren.<\/p>\n<p>Zus\u00e4tzlich haben Sie nat\u00fcrlich auch das Recht, sich bei der \u00d6sterreichischen Datenschutzbeh\u00f6rde zu beschweren.<\/p>\n<p><u>\u00d6sterreichische Datenschutzbeh\u00f6rde<\/u><\/p>\n<p>E-Mail: dsb@dsb.gv.at<\/p>\n<\/div><\/section><br \/>\n\n<style type=\"text\/css\" data-created_by=\"avia_inline_auto\" id=\"style-css-av-lna6r7ua-743ce426b049d5793ff727c67fa1433c\">\n#top .av-special-heading.av-lna6r7ua-743ce426b049d5793ff727c67fa1433c{\npadding-bottom:10px;\n}\nbody .av-special-heading.av-lna6r7ua-743ce426b049d5793ff727c67fa1433c .av-special-heading-tag .heading-char{\nfont-size:25px;\n}\n.av-special-heading.av-lna6r7ua-743ce426b049d5793ff727c67fa1433c .av-subheading{\nfont-size:15px;\n}\n<\/style>\n<div  class='av-special-heading av-lna6r7ua-743ce426b049d5793ff727c67fa1433c av-special-heading-h3 blockquote modern-quote  avia-builder-el-14  el_after_av_textblock  el_before_av_textblock '><h3 class='av-special-heading-tag '  itemprop=\"headline\"  >5. Bei wem kann ich meine Rechte geltend machen?<\/h3><div class=\"special-heading-border\"><div class=\"special-heading-inner-border\"><\/div><\/div><\/div><br \/>\n<section  class='av_textblock_section av-lna6rkmz-1ca0ef3c375c7383ad394e40c13d19c1 '   itemscope=\"itemscope\" itemtype=\"https:\/\/schema.org\/CreativeWork\" ><div class='avia_textblock'  itemprop=\"text\" ><p>Sofern Sie eines der genannten Rechte uns gegen\u00fcber geltend machen wollen, wenden Sie sich bitte an die unter Punkt 1 angef\u00fchrten Kontaktdaten.<\/p>\n<\/div><\/section><\/p><\/div>\n","protected":false},"excerpt":{"rendered":"","protected":false},"author":1,"featured_media":0,"parent":0,"menu_order":0,"comment_status":"closed","ping_status":"closed","template":"","meta":{"footnotes":""},"class_list":["post-7823","page","type-page","status-publish","hentry"],"yoast_head":"<!-- This site is optimized with the Yoast SEO plugin v21.6 - https:\/\/yoast.com\/wordpress\/plugins\/seo\/ -->\n<title>DSGVO Bewerber | APELEON<\/title>\n<meta name=\"robots\" content=\"index, follow, max-snippet:-1, max-image-preview:large, max-video-preview:-1\" \/>\n<link rel=\"canonical\" href=\"https:\/\/www.apeleon.com\/index.php\/dsgvo-bewerber\/\" \/>\n<meta property=\"og:locale\" content=\"en_US\" \/>\n<meta property=\"og:type\" content=\"article\" \/>\n<meta property=\"og:title\" content=\"DSGVO Bewerber | APELEON\" \/>\n<meta property=\"og:url\" content=\"https:\/\/www.apeleon.com\/index.php\/dsgvo-bewerber\/\" \/>\n<meta property=\"og:site_name\" content=\"APELEON\" \/>\n<meta property=\"article:publisher\" content=\"https:\/\/www.facebook.com\/APELEON-113877953355216\" \/>\n<meta property=\"article:modified_time\" content=\"2023-10-06T11:38:31+00:00\" \/>\n<meta property=\"og:image\" content=\"https:\/\/www.apeleon.com\/wp-beta\/wp-content\/uploads\/2019\/10\/Apeleon_inkl_Logo_Quadrat_whiteblack@025x.png\" \/>\n\t<meta property=\"og:image:width\" content=\"500\" \/>\n\t<meta property=\"og:image:height\" content=\"500\" \/>\n\t<meta property=\"og:image:type\" content=\"image\/png\" \/>\n<meta name=\"twitter:card\" content=\"summary_large_image\" \/>\n<meta name=\"twitter:label1\" content=\"Est. reading time\" \/>\n\t<meta name=\"twitter:data1\" content=\"6 minutes\" \/>\n<script type=\"application\/ld+json\" class=\"yoast-schema-graph\">{\"@context\":\"https:\/\/schema.org\",\"@graph\":[{\"@type\":\"WebPage\",\"@id\":\"https:\/\/www.apeleon.com\/index.php\/dsgvo-bewerber\/\",\"url\":\"https:\/\/www.apeleon.com\/index.php\/dsgvo-bewerber\/\",\"name\":\"DSGVO Bewerber | APELEON\",\"isPartOf\":{\"@id\":\"https:\/\/www.apeleon.com\/#website\"},\"datePublished\":\"2023-10-03T11:35:46+00:00\",\"dateModified\":\"2023-10-06T11:38:31+00:00\",\"breadcrumb\":{\"@id\":\"https:\/\/www.apeleon.com\/index.php\/dsgvo-bewerber\/#breadcrumb\"},\"inLanguage\":\"en-US\",\"potentialAction\":[{\"@type\":\"ReadAction\",\"target\":[\"https:\/\/www.apeleon.com\/index.php\/dsgvo-bewerber\/\"]}]},{\"@type\":\"BreadcrumbList\",\"@id\":\"https:\/\/www.apeleon.com\/index.php\/dsgvo-bewerber\/#breadcrumb\",\"itemListElement\":[{\"@type\":\"ListItem\",\"position\":1,\"name\":\"Home\",\"item\":\"https:\/\/www.apeleon.com\/\"},{\"@type\":\"ListItem\",\"position\":2,\"name\":\"DSGVO Bewerber\"}]},{\"@type\":\"WebSite\",\"@id\":\"https:\/\/www.apeleon.com\/#website\",\"url\":\"https:\/\/www.apeleon.com\/\",\"name\":\"APELEON\",\"description\":\"by VOLARE GmbH\",\"publisher\":{\"@id\":\"https:\/\/www.apeleon.com\/#organization\"},\"potentialAction\":[{\"@type\":\"SearchAction\",\"target\":{\"@type\":\"EntryPoint\",\"urlTemplate\":\"https:\/\/www.apeleon.com\/?s={search_term_string}\"},\"query-input\":\"required name=search_term_string\"}],\"inLanguage\":\"en-US\"},{\"@type\":\"Organization\",\"@id\":\"https:\/\/www.apeleon.com\/#organization\",\"name\":\"APELEON\",\"url\":\"https:\/\/www.apeleon.com\/\",\"logo\":{\"@type\":\"ImageObject\",\"inLanguage\":\"en-US\",\"@id\":\"https:\/\/www.apeleon.com\/#\/schema\/logo\/image\/\",\"url\":\"https:\/\/www.apeleon.com\/wp-beta\/wp-content\/uploads\/2019\/10\/Apeleon_inkl_Logo_black.png\",\"contentUrl\":\"https:\/\/www.apeleon.com\/wp-beta\/wp-content\/uploads\/2019\/10\/Apeleon_inkl_Logo_black.png\",\"width\":22669,\"height\":3534,\"caption\":\"APELEON\"},\"image\":{\"@id\":\"https:\/\/www.apeleon.com\/#\/schema\/logo\/image\/\"},\"sameAs\":[\"https:\/\/www.facebook.com\/APELEON-113877953355216\",\"https:\/\/www.linkedin.com\/company\/apeleon\"]}]}<\/script>\n<!-- \/ Yoast SEO plugin. -->","yoast_head_json":{"title":"DSGVO Bewerber | APELEON","robots":{"index":"index","follow":"follow","max-snippet":"max-snippet:-1","max-image-preview":"max-image-preview:large","max-video-preview":"max-video-preview:-1"},"canonical":"https:\/\/www.apeleon.com\/index.php\/dsgvo-bewerber\/","og_locale":"en_US","og_type":"article","og_title":"DSGVO Bewerber | APELEON","og_url":"https:\/\/www.apeleon.com\/index.php\/dsgvo-bewerber\/","og_site_name":"APELEON","article_publisher":"https:\/\/www.facebook.com\/APELEON-113877953355216","article_modified_time":"2023-10-06T11:38:31+00:00","og_image":[{"width":500,"height":500,"url":"https:\/\/www.apeleon.com\/wp-beta\/wp-content\/uploads\/2019\/10\/Apeleon_inkl_Logo_Quadrat_whiteblack@025x.png","type":"image\/png"}],"twitter_card":"summary_large_image","twitter_misc":{"Est. reading time":"6 minutes"},"schema":{"@context":"https:\/\/schema.org","@graph":[{"@type":"WebPage","@id":"https:\/\/www.apeleon.com\/index.php\/dsgvo-bewerber\/","url":"https:\/\/www.apeleon.com\/index.php\/dsgvo-bewerber\/","name":"DSGVO Bewerber | APELEON","isPartOf":{"@id":"https:\/\/www.apeleon.com\/#website"},"datePublished":"2023-10-03T11:35:46+00:00","dateModified":"2023-10-06T11:38:31+00:00","breadcrumb":{"@id":"https:\/\/www.apeleon.com\/index.php\/dsgvo-bewerber\/#breadcrumb"},"inLanguage":"en-US","potentialAction":[{"@type":"ReadAction","target":["https:\/\/www.apeleon.com\/index.php\/dsgvo-bewerber\/"]}]},{"@type":"BreadcrumbList","@id":"https:\/\/www.apeleon.com\/index.php\/dsgvo-bewerber\/#breadcrumb","itemListElement":[{"@type":"ListItem","position":1,"name":"Home","item":"https:\/\/www.apeleon.com\/"},{"@type":"ListItem","position":2,"name":"DSGVO Bewerber"}]},{"@type":"WebSite","@id":"https:\/\/www.apeleon.com\/#website","url":"https:\/\/www.apeleon.com\/","name":"APELEON","description":"by VOLARE GmbH","publisher":{"@id":"https:\/\/www.apeleon.com\/#organization"},"potentialAction":[{"@type":"SearchAction","target":{"@type":"EntryPoint","urlTemplate":"https:\/\/www.apeleon.com\/?s={search_term_string}"},"query-input":"required name=search_term_string"}],"inLanguage":"en-US"},{"@type":"Organization","@id":"https:\/\/www.apeleon.com\/#organization","name":"APELEON","url":"https:\/\/www.apeleon.com\/","logo":{"@type":"ImageObject","inLanguage":"en-US","@id":"https:\/\/www.apeleon.com\/#\/schema\/logo\/image\/","url":"https:\/\/www.apeleon.com\/wp-beta\/wp-content\/uploads\/2019\/10\/Apeleon_inkl_Logo_black.png","contentUrl":"https:\/\/www.apeleon.com\/wp-beta\/wp-content\/uploads\/2019\/10\/Apeleon_inkl_Logo_black.png","width":22669,"height":3534,"caption":"APELEON"},"image":{"@id":"https:\/\/www.apeleon.com\/#\/schema\/logo\/image\/"},"sameAs":["https:\/\/www.facebook.com\/APELEON-113877953355216","https:\/\/www.linkedin.com\/company\/apeleon"]}]}},"_links":{"self":[{"href":"https:\/\/www.apeleon.com\/index.php\/wp-json\/wp\/v2\/pages\/7823","targetHints":{"allow":["GET"]}}],"collection":[{"href":"https:\/\/www.apeleon.com\/index.php\/wp-json\/wp\/v2\/pages"}],"about":[{"href":"https:\/\/www.apeleon.com\/index.php\/wp-json\/wp\/v2\/types\/page"}],"author":[{"embeddable":true,"href":"https:\/\/www.apeleon.com\/index.php\/wp-json\/wp\/v2\/users\/1"}],"replies":[{"embeddable":true,"href":"https:\/\/www.apeleon.com\/index.php\/wp-json\/wp\/v2\/comments?post=7823"}],"version-history":[{"count":6,"href":"https:\/\/www.apeleon.com\/index.php\/wp-json\/wp\/v2\/pages\/7823\/revisions"}],"predecessor-version":[{"id":7834,"href":"https:\/\/www.apeleon.com\/index.php\/wp-json\/wp\/v2\/pages\/7823\/revisions\/7834"}],"wp:attachment":[{"href":"https:\/\/www.apeleon.com\/index.php\/wp-json\/wp\/v2\/media?parent=7823"}],"curies":[{"name":"wp","href":"https:\/\/api.w.org\/{rel}","templated":true}]}}